{"id":3,"date":"2022-05-03T07:45:04","date_gmt":"2022-05-03T07:45:04","guid":{"rendered":"http:\/\/nordvask.dk\/?page_id=3"},"modified":"2022-05-03T14:38:00","modified_gmt":"2022-05-03T14:38:00","slug":"privatlivspolitik","status":"publish","type":"page","link":"https:\/\/nordvask.dk\/index.php\/privatlivspolitik\/","title":{"rendered":"Privatlivspolitik"},"content":{"rendered":"\t\t<div data-elementor-type=\"wp-page\" data-elementor-id=\"3\" class=\"elementor elementor-3\" data-elementor-post-type=\"page\">\n\t\t\t\t\t\t<section class=\"elementor-section elementor-top-section elementor-element elementor-element-51c933f1 elementor-section-boxed elementor-section-height-default elementor-section-height-default\" data-id=\"51c933f1\" data-element_type=\"section\" data-e-type=\"section\">\n\t\t\t\t\t\t<div class=\"elementor-container elementor-column-gap-default\">\n\t\t\t\t\t<div class=\"elementor-column elementor-col-100 elementor-top-column elementor-element elementor-element-9de24fc\" data-id=\"9de24fc\" data-element_type=\"column\" data-e-type=\"column\">\n\t\t\t<div class=\"elementor-widget-wrap elementor-element-populated\">\n\t\t\t\t\t\t<div class=\"elementor-element elementor-element-226a1510 elementor-widget elementor-widget-text-editor\" data-id=\"226a1510\" data-element_type=\"widget\" data-e-type=\"widget\" data-widget_type=\"text-editor.default\">\n\t\t\t\t\t\t\t\t\t<p><\/p>\n<h1 class=\"fusion-responsive-typography-calculated wp-block-heading\" data-fontsize=\"50\" data-lineheight=\"55px\">Privatlivspolitik<\/h1>\n<p><\/p>\t\t\t\t\t\t\t\t<\/div>\n\t\t\t\t\t<\/div>\n\t\t<\/div>\n\t\t\t\t\t<\/div>\n\t\t<\/section>\n\t\t\t\t<section class=\"elementor-section elementor-top-section elementor-element elementor-element-2edd535 elementor-section-boxed elementor-section-height-default elementor-section-height-default\" data-id=\"2edd535\" data-element_type=\"section\" data-e-type=\"section\">\n\t\t\t\t\t\t<div class=\"elementor-container elementor-column-gap-default\">\n\t\t\t\t\t<div class=\"elementor-column elementor-col-100 elementor-top-column elementor-element elementor-element-604780f\" data-id=\"604780f\" data-element_type=\"column\" data-e-type=\"column\">\n\t\t\t<div class=\"elementor-widget-wrap elementor-element-populated\">\n\t\t\t\t\t\t<div class=\"elementor-element elementor-element-3f8c54e elementor-widget elementor-widget-text-editor\" data-id=\"3f8c54e\" data-element_type=\"widget\" data-e-type=\"widget\" data-widget_type=\"text-editor.default\">\n\t\t\t\t\t\t\t\t\t<p>Som dataansvarlig virksomhed er det vigtigt for norfac at beskytte de personlige oplysninger vi behandler. Vi \u00f8nsker at behandle vores kunder, og andre som viser interesse for vores virksomhed, med st\u00f8rst mulig respekt. Lovgivningen omkring beskyttelse af personoplysninger kr\u00e6ver, at vi beskytter oplysningerne p\u00e5 en lang r\u00e6kke omr\u00e5der, og at vi behandler dem lovligt og gennemsigtigt.<\/p>\t\t\t\t\t\t\t\t<\/div>\n\t\t\t\t\t<\/div>\n\t\t<\/div>\n\t\t\t\t\t<\/div>\n\t\t<\/section>\n\t\t\t\t<section class=\"elementor-section elementor-top-section elementor-element elementor-element-776168a elementor-section-content-middle elementor-section-boxed elementor-section-height-default elementor-section-height-default\" data-id=\"776168a\" data-element_type=\"section\" data-e-type=\"section\">\n\t\t\t\t\t\t<div class=\"elementor-container elementor-column-gap-no\">\n\t\t\t\t\t<div class=\"elementor-column elementor-col-50 elementor-top-column elementor-element elementor-element-3e0a218\" data-id=\"3e0a218\" data-element_type=\"column\" data-e-type=\"column\">\n\t\t\t<div class=\"elementor-widget-wrap elementor-element-populated\">\n\t\t\t\t\t\t<div class=\"elementor-element elementor-element-1b91baa elementor-widget elementor-widget-text-editor\" data-id=\"1b91baa\" data-element_type=\"widget\" data-e-type=\"widget\" data-widget_type=\"text-editor.default\">\n\t\t\t\t\t\t\t\t\t<p>Form\u00e5let med NordVasks privatlivspolitik er at beskrive hvordan vi behandler personlige oplysninger. Vi vil derfor informere om hvilke typer af personlige oplysninger vi behandler, med hvilket form\u00e5l vi behandler dem, og hvem vi evt. videregiver dem til.<\/p>\n<p>\u00a0<\/p>\n<p><strong>Hvem er vi?<\/strong><\/p>\n<p><strong>NordVask ApS<br \/><\/strong>Gl. Lyngvej\u00a02<br \/>4600 K\u00f8ge<br \/>CVR<br \/>Tel. 70 60 53 57<br \/><a href=\"mailto:kontakt@nordVask.dk\">kontakt@nordVask.dk<\/a><\/p>\n<p>\u00a0<\/p>\n<p><strong>Afgr\u00e6nsning<\/strong><\/p>\n<p>Juridiske personer er ikke omfattet af n\u00e6rv\u00e6rende privatlivspolitik. N\u00e6rv\u00e6rende privatlivspolitik er s\u00e6rlig relevant for fysiske personer der handler p\u00e5 vegne eller i relation med en juridisk person, herunder med ikke begr\u00e6nset til ejere, reelle ejere, fuldm\u00e6gtige, kautionister, tegningsberettigede iht. vedt\u00e6gter.<\/p>\n<p>\u00a0<\/p>\n<p><strong>Hvilke typer af personoplysninger behandler vi?<\/strong><\/p>\n<p>For at \u201dindg\u00e5 aftale\u201d med NordVask, skal du altid angive f\u00f8lgende oplysninger: navn, cvr., dokumenteret adresse og telefonnummer.<\/p>\n<p>\u00a0<\/p>\n<p><strong>Kategorier af personoplysninger<\/strong><\/p>\n<p>De oplysninger, som vi behandler om dig, kan i henhold til ovenn\u00e6vnte samt endvidere omfatte:<\/p>\n<p>\u00a0<\/p>\n<p><strong>Almindelige personoplysninger, herunder<\/strong><\/p>\n<ul>\n<li>dine kontaktoplysninger, herunder navn, cvr, adresse, telefonnummer og e-mailadresse.<\/li>\n<li>oplysninger, der indg\u00e5r i vores korrespondance med dig.<\/li>\n<\/ul>\t\t\t\t\t\t\t\t<\/div>\n\t\t\t\t\t<\/div>\n\t\t<\/div>\n\t\t\t\t<div class=\"elementor-column elementor-col-50 elementor-top-column elementor-element elementor-element-7db69b6\" data-id=\"7db69b6\" data-element_type=\"column\" data-e-type=\"column\">\n\t\t\t<div class=\"elementor-widget-wrap elementor-element-populated\">\n\t\t\t\t\t\t<div class=\"elementor-element elementor-element-b23262e elementor-widget elementor-widget-text-editor\" data-id=\"b23262e\" data-element_type=\"widget\" data-e-type=\"widget\" data-widget_type=\"text-editor.default\">\n\t\t\t\t\t\t\t\t\t<p><strong>Form\u00e5l og lovgrundlag<\/strong><\/p>\n<p>Hvilke love ligger til grund for vores behandling af personoplysninger?<\/p>\n<p>Vores behandling af personoplysninger baserer sig is\u00e6r p\u00e5 f\u00f8lgende lovgrundlag:<\/p>\n<ul>\n<li>Bogf\u00f8ringsloven<\/li>\n<li>Databeskyttelsesforordningen<\/li>\n<li>Databeskyttelsesloven<\/li>\n<\/ul>\n<p>Hvad er form\u00e5let med at behandle personoplysningerne?<br \/>Vi har f\u00f8lgende form\u00e5l med \u2013 og lovgrundlag for \u2013 vores databehandlinger:<\/p>\n<ul>\n<li>Gennemf\u00f8relse af virksomhedens ordrer, herunder bl.a. besvarelse af eventuelle sp\u00f8rgsm\u00e5l.<br \/>Lovgrundlaget er databeskyttelsesforordningens artikel 6, stk. 1, litra b) om behandlinger, som er n\u00f8dvendige i forbindelse med en kontrakt med dig.<\/li>\n<li>Dine oplysninger opbevares i 5 \u00e5r med henblik p\u00e5 at kunne dokumentere indsamlingens korrekthed, jf. Databeskyttelsesloven \u00a7 41, stk. 7.<\/li>\n<\/ul>\n<p><strong>\u00a0<\/strong><\/p>\n<p><strong>Hvilke rettigheder har den registrerede?<\/strong><\/p>\n<p>Enhver som har personoplysninger registreret hos NordVask har if\u00f8lge loven ret til at anmode om:<\/p>\n<ul>\n<li>Indsigt i hvilke personoplysninger der behandles, hvorfra de indhentes, og med hvilket form\u00e5l de behandles.<\/li>\n<li>Berigtigelse af personoplysninger som er forkerte eller vildledende.<\/li>\n<li>Sletning af personoplysninger som ikke l\u00e6ngere kan behandles inden for lovens rammer.<\/li>\n<li>Begr\u00e6nsning af behandlingen af persondata.<\/li>\n<li>At g\u00f8re indsigelse mod den behandling af personoplysninger som finder sted, herunder afg\u00f8relser som alene er baseret p\u00e5 automatisk behandling (profilering).<\/li>\n<li>Rettighederne kan g\u00f8res g\u00e6ldende over for NordVask eller via kontakt til Datatilsynet.<\/li>\n<\/ul>\t\t\t\t\t\t\t\t<\/div>\n\t\t\t\t\t<\/div>\n\t\t<\/div>\n\t\t\t\t\t<\/div>\n\t\t<\/section>\n\t\t\t\t<\/div>\n\t\t","protected":false},"excerpt":{"rendered":"<p>Privatlivspolitik Som dataansvarlig virksomhed er det vigtigt for norfac at beskytte de personlige oplysninger vi behandler. Vi \u00f8nsker at behandle vores kunder, og andre som viser interesse for vores virksomhed, med st\u00f8rst mulig respekt. Lovgivningen omkring beskyttelse af personoplysninger kr\u00e6ver, at vi beskytter oplysningerne p\u00e5 en lang r\u00e6kke omr\u00e5der, og at vi behandler dem lovligt [&hellip;]<\/p>\n","protected":false},"author":2,"featured_media":0,"parent":0,"menu_order":0,"comment_status":"closed","ping_status":"open","template":"","meta":{"inline_featured_image":false,"footnotes":""},"class_list":["post-3","page","type-page","status-publish","hentry"],"yoast_head":"<!-- This site is optimized with the Yoast SEO plugin v27.5 - https:\/\/yoast.com\/product\/yoast-seo-wordpress\/ -->\n<title>Privatlivspolitik - NordVask<\/title>\n<meta name=\"robots\" content=\"index, follow, max-snippet:-1, max-image-preview:large, max-video-preview:-1\" \/>\n<link rel=\"canonical\" href=\"https:\/\/nordvask.dk\/index.php\/privatlivspolitik\/\" \/>\n<meta property=\"og:locale\" content=\"da_DK\" \/>\n<meta property=\"og:type\" content=\"article\" \/>\n<meta property=\"og:title\" content=\"Privatlivspolitik - NordVask\" \/>\n<meta property=\"og:description\" content=\"Privatlivspolitik Som dataansvarlig virksomhed er det vigtigt for norfac at beskytte de personlige oplysninger vi behandler. Vi \u00f8nsker at behandle vores kunder, og andre som viser interesse for vores virksomhed, med st\u00f8rst mulig respekt. Lovgivningen omkring beskyttelse af personoplysninger kr\u00e6ver, at vi beskytter oplysningerne p\u00e5 en lang r\u00e6kke omr\u00e5der, og at vi behandler dem lovligt [&hellip;]\" \/>\n<meta property=\"og:url\" content=\"https:\/\/nordvask.dk\/index.php\/privatlivspolitik\/\" \/>\n<meta property=\"og:site_name\" content=\"NordVask\" \/>\n<meta property=\"article:modified_time\" content=\"2022-05-03T14:38:00+00:00\" \/>\n<meta name=\"twitter:card\" content=\"summary_large_image\" \/>\n<meta name=\"twitter:label1\" content=\"Estimeret l\u00e6setid\" \/>\n\t<meta name=\"twitter:data1\" content=\"3 minutter\" \/>\n<script type=\"application\/ld+json\" class=\"yoast-schema-graph\">{\"@context\":\"https:\\\/\\\/schema.org\",\"@graph\":[{\"@type\":\"WebPage\",\"@id\":\"https:\\\/\\\/nordvask.dk\\\/index.php\\\/privatlivspolitik\\\/\",\"url\":\"https:\\\/\\\/nordvask.dk\\\/index.php\\\/privatlivspolitik\\\/\",\"name\":\"Privatlivspolitik - NordVask\",\"isPartOf\":{\"@id\":\"https:\\\/\\\/nordvask.dk\\\/#website\"},\"datePublished\":\"2022-05-03T07:45:04+00:00\",\"dateModified\":\"2022-05-03T14:38:00+00:00\",\"breadcrumb\":{\"@id\":\"https:\\\/\\\/nordvask.dk\\\/index.php\\\/privatlivspolitik\\\/#breadcrumb\"},\"inLanguage\":\"da-DK\",\"potentialAction\":[{\"@type\":\"ReadAction\",\"target\":[\"https:\\\/\\\/nordvask.dk\\\/index.php\\\/privatlivspolitik\\\/\"]}]},{\"@type\":\"BreadcrumbList\",\"@id\":\"https:\\\/\\\/nordvask.dk\\\/index.php\\\/privatlivspolitik\\\/#breadcrumb\",\"itemListElement\":[{\"@type\":\"ListItem\",\"position\":1,\"name\":\"Hjem\",\"item\":\"https:\\\/\\\/nordvask.dk\\\/\"},{\"@type\":\"ListItem\",\"position\":2,\"name\":\"Privatlivspolitik\"}]},{\"@type\":\"WebSite\",\"@id\":\"https:\\\/\\\/nordvask.dk\\\/#website\",\"url\":\"https:\\\/\\\/nordvask.dk\\\/\",\"name\":\"NordVask\",\"description\":\"Industrivaskeri \u2013 kvalitet til tiden\",\"publisher\":{\"@id\":\"https:\\\/\\\/nordvask.dk\\\/#organization\"},\"potentialAction\":[{\"@type\":\"SearchAction\",\"target\":{\"@type\":\"EntryPoint\",\"urlTemplate\":\"https:\\\/\\\/nordvask.dk\\\/?s={search_term_string}\"},\"query-input\":{\"@type\":\"PropertyValueSpecification\",\"valueRequired\":true,\"valueName\":\"search_term_string\"}}],\"inLanguage\":\"da-DK\"},{\"@type\":\"Organization\",\"@id\":\"https:\\\/\\\/nordvask.dk\\\/#organization\",\"name\":\"NordVask\",\"url\":\"https:\\\/\\\/nordvask.dk\\\/\",\"logo\":{\"@type\":\"ImageObject\",\"inLanguage\":\"da-DK\",\"@id\":\"https:\\\/\\\/nordvask.dk\\\/#\\\/schema\\\/logo\\\/image\\\/\",\"url\":\"https:\\\/\\\/nordvask.dk\\\/wp-content\\\/uploads\\\/2022\\\/05\\\/logo_thumb.png\",\"contentUrl\":\"https:\\\/\\\/nordvask.dk\\\/wp-content\\\/uploads\\\/2022\\\/05\\\/logo_thumb.png\",\"width\":700,\"height\":135,\"caption\":\"NordVask\"},\"image\":{\"@id\":\"https:\\\/\\\/nordvask.dk\\\/#\\\/schema\\\/logo\\\/image\\\/\"}}]}<\/script>\n<!-- \/ Yoast SEO plugin. -->","yoast_head_json":{"title":"Privatlivspolitik - NordVask","robots":{"index":"index","follow":"follow","max-snippet":"max-snippet:-1","max-image-preview":"max-image-preview:large","max-video-preview":"max-video-preview:-1"},"canonical":"https:\/\/nordvask.dk\/index.php\/privatlivspolitik\/","og_locale":"da_DK","og_type":"article","og_title":"Privatlivspolitik - NordVask","og_description":"Privatlivspolitik Som dataansvarlig virksomhed er det vigtigt for norfac at beskytte de personlige oplysninger vi behandler. Vi \u00f8nsker at behandle vores kunder, og andre som viser interesse for vores virksomhed, med st\u00f8rst mulig respekt. Lovgivningen omkring beskyttelse af personoplysninger kr\u00e6ver, at vi beskytter oplysningerne p\u00e5 en lang r\u00e6kke omr\u00e5der, og at vi behandler dem lovligt [&hellip;]","og_url":"https:\/\/nordvask.dk\/index.php\/privatlivspolitik\/","og_site_name":"NordVask","article_modified_time":"2022-05-03T14:38:00+00:00","twitter_card":"summary_large_image","twitter_misc":{"Estimeret l\u00e6setid":"3 minutter"},"schema":{"@context":"https:\/\/schema.org","@graph":[{"@type":"WebPage","@id":"https:\/\/nordvask.dk\/index.php\/privatlivspolitik\/","url":"https:\/\/nordvask.dk\/index.php\/privatlivspolitik\/","name":"Privatlivspolitik - NordVask","isPartOf":{"@id":"https:\/\/nordvask.dk\/#website"},"datePublished":"2022-05-03T07:45:04+00:00","dateModified":"2022-05-03T14:38:00+00:00","breadcrumb":{"@id":"https:\/\/nordvask.dk\/index.php\/privatlivspolitik\/#breadcrumb"},"inLanguage":"da-DK","potentialAction":[{"@type":"ReadAction","target":["https:\/\/nordvask.dk\/index.php\/privatlivspolitik\/"]}]},{"@type":"BreadcrumbList","@id":"https:\/\/nordvask.dk\/index.php\/privatlivspolitik\/#breadcrumb","itemListElement":[{"@type":"ListItem","position":1,"name":"Hjem","item":"https:\/\/nordvask.dk\/"},{"@type":"ListItem","position":2,"name":"Privatlivspolitik"}]},{"@type":"WebSite","@id":"https:\/\/nordvask.dk\/#website","url":"https:\/\/nordvask.dk\/","name":"NordVask","description":"Industrivaskeri \u2013 kvalitet til tiden","publisher":{"@id":"https:\/\/nordvask.dk\/#organization"},"potentialAction":[{"@type":"SearchAction","target":{"@type":"EntryPoint","urlTemplate":"https:\/\/nordvask.dk\/?s={search_term_string}"},"query-input":{"@type":"PropertyValueSpecification","valueRequired":true,"valueName":"search_term_string"}}],"inLanguage":"da-DK"},{"@type":"Organization","@id":"https:\/\/nordvask.dk\/#organization","name":"NordVask","url":"https:\/\/nordvask.dk\/","logo":{"@type":"ImageObject","inLanguage":"da-DK","@id":"https:\/\/nordvask.dk\/#\/schema\/logo\/image\/","url":"https:\/\/nordvask.dk\/wp-content\/uploads\/2022\/05\/logo_thumb.png","contentUrl":"https:\/\/nordvask.dk\/wp-content\/uploads\/2022\/05\/logo_thumb.png","width":700,"height":135,"caption":"NordVask"},"image":{"@id":"https:\/\/nordvask.dk\/#\/schema\/logo\/image\/"}}]}},"_links":{"self":[{"href":"https:\/\/nordvask.dk\/index.php\/wp-json\/wp\/v2\/pages\/3","targetHints":{"allow":["GET"]}}],"collection":[{"href":"https:\/\/nordvask.dk\/index.php\/wp-json\/wp\/v2\/pages"}],"about":[{"href":"https:\/\/nordvask.dk\/index.php\/wp-json\/wp\/v2\/types\/page"}],"author":[{"embeddable":true,"href":"https:\/\/nordvask.dk\/index.php\/wp-json\/wp\/v2\/users\/2"}],"replies":[{"embeddable":true,"href":"https:\/\/nordvask.dk\/index.php\/wp-json\/wp\/v2\/comments?post=3"}],"version-history":[{"count":7,"href":"https:\/\/nordvask.dk\/index.php\/wp-json\/wp\/v2\/pages\/3\/revisions"}],"predecessor-version":[{"id":92,"href":"https:\/\/nordvask.dk\/index.php\/wp-json\/wp\/v2\/pages\/3\/revisions\/92"}],"wp:attachment":[{"href":"https:\/\/nordvask.dk\/index.php\/wp-json\/wp\/v2\/media?parent=3"}],"curies":[{"name":"wp","href":"https:\/\/api.w.org\/{rel}","templated":true}]}}